{"id":345,"date":"2022-09-14T11:23:53","date_gmt":"2022-09-14T09:23:53","guid":{"rendered":"https:\/\/cerva.cat\/qui-som\/"},"modified":"2022-09-26T07:51:02","modified_gmt":"2022-09-26T07:51:02","slug":"qui-som","status":"publish","type":"page","link":"https:\/\/cerva.cat\/ca\/qui-som\/","title":{"rendered":"Qui som"},"content":{"rendered":"\t\t<div data-elementor-type=\"wp-page\" data-elementor-id=\"345\" class=\"elementor elementor-345 elementor-89\" data-elementor-post-type=\"page\">\n\t\t\t\t\t\t<section class=\"elementor-section elementor-top-section elementor-element elementor-element-a407d0c elementor-section-full_width elementor-section-height-default elementor-section-height-default\" data-id=\"a407d0c\" data-element_type=\"section\" data-settings=\"{&quot;background_background&quot;:&quot;video&quot;,&quot;background_video_link&quot;:&quot;https:\\\/\\\/cerva.cat\\\/wp-content\\\/uploads\\\/2022\\\/09\\\/Clouds-2888.mp4&quot;,&quot;background_video_start&quot;:0,&quot;background_play_on_mobile&quot;:&quot;yes&quot;}\">\n\t\t\t\t\t\t\t\t<div class=\"elementor-background-video-container\" aria-hidden=\"true\">\n\t\t\t\t\t\t\t\t\t\t\t\t\t<video class=\"elementor-background-video-hosted\" autoplay muted playsinline loop><\/video>\n\t\t\t\t\t\t\t\t\t\t\t<\/div>\n\t\t\t\t\t\t\t\t<div class=\"elementor-container elementor-column-gap-default\">\n\t\t\t\t\t<div class=\"elementor-column elementor-col-100 elementor-top-column elementor-element elementor-element-e3089c2\" data-id=\"e3089c2\" data-element_type=\"column\" data-settings=\"{&quot;background_background&quot;:&quot;gradient&quot;}\">\n\t\t\t<div class=\"elementor-widget-wrap elementor-element-populated\">\n\t\t\t\t\t\t<div class=\"elementor-element elementor-element-7828cfe elementor-widget elementor-widget-heading\" data-id=\"7828cfe\" data-element_type=\"widget\" data-widget_type=\"heading.default\">\n\t\t\t\t<div class=\"elementor-widget-container\">\n\t\t\t\t\t<h2 class=\"elementor-heading-title elementor-size-default\">La nostra comesa,<br> Fer-te sentir b\u00e9<\/h2>\t\t\t\t<\/div>\n\t\t\t\t<\/div>\n\t\t\t\t\t<\/div>\n\t\t<\/div>\n\t\t\t\t\t<\/div>\n\t\t<\/section>\n\t\t\t\t<section class=\"elementor-section elementor-top-section elementor-element elementor-element-13ffeaa elementor-section-boxed elementor-section-height-default elementor-section-height-default\" data-id=\"13ffeaa\" data-element_type=\"section\">\n\t\t\t\t\t\t<div class=\"elementor-container elementor-column-gap-default\">\n\t\t\t\t\t<div class=\"elementor-column elementor-col-50 elementor-top-column elementor-element elementor-element-e9ed243\" data-id=\"e9ed243\" data-element_type=\"column\">\n\t\t\t<div class=\"elementor-widget-wrap elementor-element-populated\">\n\t\t\t\t\t\t<div class=\"elementor-element elementor-element-043a891 elementor-widget elementor-widget-heading\" data-id=\"043a891\" data-element_type=\"widget\" data-widget_type=\"heading.default\">\n\t\t\t\t<div class=\"elementor-widget-container\">\n\t\t\t\t\t<h2 class=\"elementor-heading-title elementor-size-default\">QUI SOM?<\/h2>\t\t\t\t<\/div>\n\t\t\t\t<\/div>\n\t\t\t\t<div class=\"elementor-element elementor-element-b572a2c elementor-widget elementor-widget-text-editor\" data-id=\"b572a2c\" data-element_type=\"widget\" data-widget_type=\"text-editor.default\">\n\t\t\t\t<div class=\"elementor-widget-container\">\n\t\t\t\t\t\t\t\t\t<p><strong>Centro de Rehabilitaci\u00f3n del Vall\u00e9s S.A.<\/strong> \u00e9s una empresa de car\u00e0cter privat concertada amb el Servei Catal\u00e0 de la Salut dedicada a la rehabilitaci\u00f3 ambulat\u00f2ria, domicili\u00e0ria i logop\u00e8dia de pacients amb trastorns anatomofisicopatol\u00f2gics per millorar el concepte de salut. Centre de Rehabilitaci\u00f3 del Vall\u00e8s, va comen\u00e7ar la seva activitat l\u2019any 1975, moment en qu\u00e8 un grup de metges i fisioterapeutes ens sensibilitzem amb les necessitats de recuperaci\u00f3 funcional de la poblaci\u00f3 del Vall\u00e8s, tant de l\u2019SCS, M\u00fatues, entitats asseguradores com privades.<\/p>\n<p>L\u2019any 1977 es va obtenir un concert per a la prestaci\u00f3 de serveis amb INSALUD. Efectuades les transfer\u00e8ncies dels serveis sanitaris des del Govern Central a la Generalitat de Catalunya, CERVA obt\u00e9 concert amb l\u2019Institut Catal\u00e0 de la Salut (ICS). L\u2019any 1999, el Servei Catal\u00e0 de la Salut posa a concurs l\u2019activitat de Rehabilitaci\u00f3, CERVA aconsegueix la licitaci\u00f3 de rehabilitaci\u00f3, la qual continua vigent actualment. Des del 2003, la qualitat dels nostres serveis est\u00e0 certificada segons la norma <strong>ISO 9001:2015<\/strong><\/p>\n<p>El nostre objectiu \u00e9s renovar esfor\u00e7os dia a dia per assumir el repte de millora continuada amb la mateixa il\u00b7lusi\u00f3 i vocaci\u00f3 de servei tal com ha estat sempre la nostra caracteritzaci\u00f3. Obtenir la satisfacci\u00f3 dels nostres pacients no ha estat fruit de l\u2019atzar, sin\u00f3 el resultat de l\u2019esfor\u00e7 com\u00fa dels nostres professionals: metges rehabilitadors, fisioterapeutes, logopedes i personal administratiu que ens han condu\u00eft a millorar dia a dia la nostra organitzaci\u00f3. Des dels nostres inicis, oferir qualitat i atenci\u00f3 personalitzada ha estat la nostra pol\u00edtica. Disposem de centres de rehabilitaci\u00f3 a Sabadell, Granollers, Montorn\u00e8s del Vall\u00e8s, Caldes de Montbui, Garriga, Lli\u00e7\u00e0 d\u2019Amunt i Castellar del Vall\u00e8s.<\/p>\n\t\t\t\t\t\t\t\t<\/div>\n\t\t\t\t<\/div>\n\t\t\t\t\t<\/div>\n\t\t<\/div>\n\t\t\t\t<div class=\"elementor-column elementor-col-50 elementor-top-column elementor-element elementor-element-6072ba6\" data-id=\"6072ba6\" data-element_type=\"column\">\n\t\t\t<div class=\"elementor-widget-wrap elementor-element-populated\">\n\t\t\t\t\t\t<div class=\"elementor-element elementor-element-716e1a0 elementor-widget elementor-widget-heading\" data-id=\"716e1a0\" data-element_type=\"widget\" data-widget_type=\"heading.default\">\n\t\t\t\t<div class=\"elementor-widget-container\">\n\t\t\t\t\t<h2 class=\"elementor-heading-title elementor-size-default\">QU\u00c8 FEM?<\/h2>\t\t\t\t<\/div>\n\t\t\t\t<\/div>\n\t\t\t\t<div class=\"elementor-element elementor-element-ac1c070 elementor-widget elementor-widget-text-editor\" data-id=\"ac1c070\" data-element_type=\"widget\" data-widget_type=\"text-editor.default\">\n\t\t\t\t<div class=\"elementor-widget-container\">\n\t\t\t\t\t\t\t\t\t<p>Una de les principals preocupacions de CERVA com a empresa de serveis sanitaris ha estat garantir als seus usuaris la utilitzaci\u00f3 de recursos espec\u00edfics adaptats a cadascuna de les patologies que s\u00f3n tractades al nostre servei. Seguint aquesta filosofia, s\u2019han dissenyat i estructurat \u00e0rees de treball pensades per assegurar el confort dels usuaris i les necessitats de les patologies que es tractaran tant a nivell ambulatori, domiciliari i de logop\u00e8dia.<\/p>\n<p>A cadascuna d\u2019elles el pacient est\u00e0 cont\u00ednuament tractat i supervisat per un fisioterapeuta \/ logopeda format espec\u00edficament per a la patologia que l\u2019ocupa i disposa de tot tipus d\u2019aparells d\u2019electromedicina (l\u00e0ser, ultrasons, magnetoter\u00e0pia, microones, pressoter\u00e0pia, electroanalg\u00e8sia, electroestimulaci\u00f3, criojet ,\u2026)<\/p>\n\t\t\t\t\t\t\t\t<\/div>\n\t\t\t\t<\/div>\n\t\t\t\t<div class=\"elementor-element elementor-element-a162b7b elementor-widget elementor-widget-image\" data-id=\"a162b7b\" data-element_type=\"widget\" data-widget_type=\"image.default\">\n\t\t\t\t<div class=\"elementor-widget-container\">\n\t\t\t\t\t\t\t\t\t\t\t\t\t\t\t<img fetchpriority=\"high\" decoding=\"async\" width=\"800\" height=\"464\" src=\"https:\/\/cerva.cat\/wp-content\/uploads\/2022\/09\/cerva0105.jpeg\" class=\"attachment-large size-large wp-image-105\" alt=\"\" srcset=\"https:\/\/cerva.cat\/wp-content\/uploads\/2022\/09\/cerva0105.jpeg 844w, https:\/\/cerva.cat\/wp-content\/uploads\/2022\/09\/cerva0105-300x174.jpeg 300w, https:\/\/cerva.cat\/wp-content\/uploads\/2022\/09\/cerva0105-768x446.jpeg 768w\" sizes=\"(max-width: 800px) 100vw, 800px\" \/>\t\t\t\t\t\t\t\t\t\t\t\t\t\t\t<\/div>\n\t\t\t\t<\/div>\n\t\t\t\t\t<\/div>\n\t\t<\/div>\n\t\t\t\t\t<\/div>\n\t\t<\/section>\n\t\t\t\t<\/div>\n\t\t","protected":false},"excerpt":{"rendered":"<p>La nostra comesa, Fer-te sentir b\u00e9 QUI SOM? Centro de Rehabilitaci\u00f3n del Vall\u00e9s S.A. \u00e9s una empresa de car\u00e0cter privat concertada amb el Servei Catal\u00e0 de la Salut dedicada a la rehabilitaci\u00f3 ambulat\u00f2ria, domicili\u00e0ria i logop\u00e8dia de pacients amb trastorns anatomofisicopatol\u00f2gics per millorar el concepte de salut. Centre de Rehabilitaci\u00f3 del Vall\u00e8s, va comen\u00e7ar la [&hellip;]<\/p>\n","protected":false},"author":4,"featured_media":0,"parent":0,"menu_order":0,"comment_status":"closed","ping_status":"closed","template":"","meta":{"footnotes":""},"class_list":["post-345","page","type-page","status-publish","hentry"],"_links":{"self":[{"href":"https:\/\/cerva.cat\/ca\/wp-json\/wp\/v2\/pages\/345","targetHints":{"allow":["GET"]}}],"collection":[{"href":"https:\/\/cerva.cat\/ca\/wp-json\/wp\/v2\/pages"}],"about":[{"href":"https:\/\/cerva.cat\/ca\/wp-json\/wp\/v2\/types\/page"}],"author":[{"embeddable":true,"href":"https:\/\/cerva.cat\/ca\/wp-json\/wp\/v2\/users\/4"}],"replies":[{"embeddable":true,"href":"https:\/\/cerva.cat\/ca\/wp-json\/wp\/v2\/comments?post=345"}],"version-history":[{"count":4,"href":"https:\/\/cerva.cat\/ca\/wp-json\/wp\/v2\/pages\/345\/revisions"}],"predecessor-version":[{"id":602,"href":"https:\/\/cerva.cat\/ca\/wp-json\/wp\/v2\/pages\/345\/revisions\/602"}],"wp:attachment":[{"href":"https:\/\/cerva.cat\/ca\/wp-json\/wp\/v2\/media?parent=345"}],"curies":[{"name":"wp","href":"https:\/\/api.w.org\/{rel}","templated":true}]}}