{"id":362,"date":"2022-09-14T14:13:47","date_gmt":"2022-09-14T12:13:47","guid":{"rendered":"https:\/\/cerva.cat\/ocupacio\/"},"modified":"2024-01-16T11:21:13","modified_gmt":"2024-01-16T10:21:13","slug":"ocupacio","status":"publish","type":"page","link":"https:\/\/cerva.cat\/ca\/ocupacio\/","title":{"rendered":"Ocupaci\u00f3"},"content":{"rendered":"\t\t<div data-elementor-type=\"wp-page\" data-elementor-id=\"362\" class=\"elementor elementor-362 elementor-285\" data-elementor-post-type=\"page\">\n\t\t\t\t\t\t<section class=\"elementor-section elementor-top-section elementor-element elementor-element-6591525 elementor-section-full_width elementor-section-height-default elementor-section-height-default\" data-id=\"6591525\" data-element_type=\"section\" data-settings=\"{&quot;background_background&quot;:&quot;classic&quot;}\">\n\t\t\t\t\t\t\t<div class=\"elementor-background-overlay\"><\/div>\n\t\t\t\t\t\t\t<div class=\"elementor-container elementor-column-gap-default\">\n\t\t\t\t\t<div class=\"elementor-column elementor-col-100 elementor-top-column elementor-element elementor-element-68d0db2\" data-id=\"68d0db2\" data-element_type=\"column\" data-settings=\"{&quot;background_background&quot;:&quot;gradient&quot;}\">\n\t\t\t<div class=\"elementor-widget-wrap elementor-element-populated\">\n\t\t\t\t\t\t<div class=\"elementor-element elementor-element-a799455 elementor-widget elementor-widget-heading\" data-id=\"a799455\" data-element_type=\"widget\" data-widget_type=\"heading.default\">\n\t\t\t\t<div class=\"elementor-widget-container\">\n\t\t\t\t\t<h2 class=\"elementor-heading-title elementor-size-default\">Treballa amb nosaltres<\/h2>\t\t\t\t<\/div>\n\t\t\t\t<\/div>\n\t\t\t\t\t<\/div>\n\t\t<\/div>\n\t\t\t\t\t<\/div>\n\t\t<\/section>\n\t\t\t\t<section class=\"elementor-section elementor-top-section elementor-element elementor-element-164ad2b elementor-section-boxed elementor-section-height-default elementor-section-height-default\" data-id=\"164ad2b\" data-element_type=\"section\">\n\t\t\t\t\t\t<div class=\"elementor-container elementor-column-gap-default\">\n\t\t\t\t\t<div class=\"elementor-column elementor-col-100 elementor-top-column elementor-element elementor-element-1cc1791\" data-id=\"1cc1791\" data-element_type=\"column\">\n\t\t\t<div class=\"elementor-widget-wrap elementor-element-populated\">\n\t\t\t\t\t\t<div class=\"elementor-element elementor-element-62ccb6d elementor-widget elementor-widget-text-editor\" data-id=\"62ccb6d\" data-element_type=\"widget\" data-widget_type=\"text-editor.default\">\n\t\t\t\t<div class=\"elementor-widget-container\">\n\t\t\t\t\t\t\t\t\t<p>Si tens ganes de treballar no t\u2019ho pensis m\u00e9s, omple el formulari, adjuntant-nos el teu curr\u00edculum i et tindrem en compte per cobrir les futures vacants<\/p>\n\t\t\t\t\t\t\t\t<\/div>\n\t\t\t\t<\/div>\n\t\t\t\t\t<\/div>\n\t\t<\/div>\n\t\t\t\t\t<\/div>\n\t\t<\/section>\n\t\t\t\t<section class=\"elementor-section elementor-top-section elementor-element elementor-element-0a3ca4e elementor-section-boxed elementor-section-height-default elementor-section-height-default\" data-id=\"0a3ca4e\" data-element_type=\"section\">\n\t\t\t\t\t\t<div class=\"elementor-container elementor-column-gap-default\">\n\t\t\t\t\t<div class=\"elementor-column elementor-col-100 elementor-top-column elementor-element elementor-element-4d496e4\" data-id=\"4d496e4\" data-element_type=\"column\">\n\t\t\t<div class=\"elementor-widget-wrap elementor-element-populated\">\n\t\t\t\t\t\t<div class=\"elementor-element elementor-element-935e237 elementor-button-align-start elementor-widget elementor-widget-form\" data-id=\"935e237\" data-element_type=\"widget\" data-settings=\"{&quot;step_next_label&quot;:&quot;Seg\\u00fcent&quot;,&quot;step_previous_label&quot;:&quot;Anterior&quot;,&quot;button_width&quot;:&quot;100&quot;,&quot;step_type&quot;:&quot;number_text&quot;,&quot;step_icon_shape&quot;:&quot;circle&quot;}\" data-widget_type=\"form.default\">\n\t\t\t\t<div class=\"elementor-widget-container\">\n\t\t\t\t\t\t\t<form class=\"elementor-form\" method=\"post\" name=\"Nou formulari\" aria-label=\"Nou formulari\">\n\t\t\t<input type=\"hidden\" name=\"post_id\" value=\"362\"\/>\n\t\t\t<input type=\"hidden\" name=\"form_id\" value=\"935e237\"\/>\n\t\t\t<input type=\"hidden\" name=\"referer_title\" value=\"Ocupaci\u00f3\" \/>\n\n\t\t\t\t\t\t\t<input type=\"hidden\" name=\"queried_id\" value=\"362\"\/>\n\t\t\t\n\t\t\t<div class=\"elementor-form-fields-wrapper elementor-labels-above\">\n\t\t\t\t\t\t\t\t<div class=\"elementor-field-type-text elementor-field-group elementor-column elementor-field-group-name elementor-col-60 elementor-field-required\">\n\t\t\t\t\t\t\t\t\t\t\t\t<label for=\"form-field-name\" class=\"elementor-field-label\">\n\t\t\t\t\t\t\t\tNom\t\t\t\t\t\t\t<\/label>\n\t\t\t\t\t\t\t\t\t\t\t\t\t\t<input size=\"1\" type=\"text\" name=\"form_fields[name]\" id=\"form-field-name\" class=\"elementor-field elementor-size-sm  elementor-field-textual\" required=\"required\">\n\t\t\t\t\t\t\t\t\t\t\t<\/div>\n\t\t\t\t\t\t\t\t<div class=\"elementor-field-type-text elementor-field-group elementor-column elementor-field-group-field_8ba1ed5 elementor-col-60 elementor-field-required\">\n\t\t\t\t\t\t\t\t\t\t\t\t<label for=\"form-field-field_8ba1ed5\" class=\"elementor-field-label\">\n\t\t\t\t\t\t\t\tCognoms\t\t\t\t\t\t\t<\/label>\n\t\t\t\t\t\t\t\t\t\t\t\t\t\t<input size=\"1\" type=\"text\" name=\"form_fields[field_8ba1ed5]\" id=\"form-field-field_8ba1ed5\" class=\"elementor-field elementor-size-sm  elementor-field-textual\" required=\"required\">\n\t\t\t\t\t\t\t\t\t\t\t<\/div>\n\t\t\t\t\t\t\t\t<div class=\"elementor-field-type-tel elementor-field-group elementor-column elementor-field-group-field_3194cd0 elementor-col-60 elementor-field-required\">\n\t\t\t\t\t\t\t\t\t\t\t\t<label for=\"form-field-field_3194cd0\" class=\"elementor-field-label\">\n\t\t\t\t\t\t\t\tTel\u00e8fon\t\t\t\t\t\t\t<\/label>\n\t\t\t\t\t\t\t\t<input size=\"1\" type=\"tel\" name=\"form_fields[field_3194cd0]\" id=\"form-field-field_3194cd0\" class=\"elementor-field elementor-size-sm  elementor-field-textual\" required=\"required\" pattern=\"[0-9()#&amp;+*-=.]+\" title=\"Only numbers and phone characters (#, -, *, etc) are accepted.\">\n\n\t\t\t\t\t\t<\/div>\n\t\t\t\t\t\t\t\t<div class=\"elementor-field-type-email elementor-field-group elementor-column elementor-field-group-email elementor-col-60 elementor-field-required\">\n\t\t\t\t\t\t\t\t\t\t\t\t<label for=\"form-field-email\" class=\"elementor-field-label\">\n\t\t\t\t\t\t\t\tE-mail\t\t\t\t\t\t\t<\/label>\n\t\t\t\t\t\t\t\t\t\t\t\t\t\t<input size=\"1\" type=\"email\" name=\"form_fields[email]\" id=\"form-field-email\" class=\"elementor-field elementor-size-sm  elementor-field-textual\" required=\"required\">\n\t\t\t\t\t\t\t\t\t\t\t<\/div>\n\t\t\t\t\t\t\t\t<div class=\"elementor-field-type-text elementor-field-group elementor-column elementor-field-group-field_ac8bfa2 elementor-col-60 elementor-field-required\">\n\t\t\t\t\t\t\t\t\t\t\t\t<label for=\"form-field-field_ac8bfa2\" class=\"elementor-field-label\">\n\t\t\t\t\t\t\t\tLocalitat de resid\u00e8ncia\t\t\t\t\t\t\t<\/label>\n\t\t\t\t\t\t\t\t\t\t\t\t\t\t<input size=\"1\" type=\"text\" name=\"form_fields[field_ac8bfa2]\" id=\"form-field-field_ac8bfa2\" class=\"elementor-field elementor-size-sm  elementor-field-textual\" required=\"required\">\n\t\t\t\t\t\t\t\t\t\t\t<\/div>\n\t\t\t\t\t\t\t\t<div class=\"elementor-field-type-number elementor-field-group elementor-column elementor-field-group-field_2711257 elementor-col-60 elementor-field-required\">\n\t\t\t\t\t\t\t\t\t\t\t\t<label for=\"form-field-field_2711257\" class=\"elementor-field-label\">\n\t\t\t\t\t\t\t\tCodi postal\t\t\t\t\t\t\t<\/label>\n\t\t\t\t\t\t\t\t\t<input type=\"number\" name=\"form_fields[field_2711257]\" id=\"form-field-field_2711257\" class=\"elementor-field elementor-size-sm  elementor-field-textual\" required=\"required\" min=\"\" max=\"\" >\n\t\t\t\t\t\t<\/div>\n\t\t\t\t\t\t\t\t<div class=\"elementor-field-type-select elementor-field-group elementor-column elementor-field-group-field_e17f42d elementor-col-60 elementor-field-required\">\n\t\t\t\t\t\t\t\t\t\t\t\t<label for=\"form-field-field_e17f42d\" class=\"elementor-field-label\">\n\t\t\t\t\t\t\t\tProfessi\u00f3\t\t\t\t\t\t\t<\/label>\n\t\t\t\t\t\t\t\t<div class=\"elementor-field elementor-select-wrapper remove-before \">\n\t\t\t<div class=\"select-caret-down-wrapper\">\n\t\t\t\t<i aria-hidden=\"true\" class=\"eicon-caret-down\"><\/i>\t\t\t<\/div>\n\t\t\t<select name=\"form_fields[field_e17f42d]\" id=\"form-field-field_e17f42d\" class=\"elementor-field-textual elementor-size-sm\" required=\"required\">\n\t\t\t\t\t\t\t\t\t<option value=\"Fisioterapeuta\">Fisioterapeuta<\/option>\n\t\t\t\t\t\t\t\t\t<option value=\"Logopeda\">Logopeda<\/option>\n\t\t\t\t\t\t\t\t\t<option value=\"Metge\">Metge<\/option>\n\t\t\t\t\t\t\t\t\t<option value=\"Metge rehabilitador\">Metge rehabilitador<\/option>\n\t\t\t\t\t\t\t\t\t<option value=\"Administratiu\">Administratiu<\/option>\n\t\t\t\t\t\t\t\t\t<option value=\"Aux. Administratiu\">Aux. Administratiu<\/option>\n\t\t\t\t\t\t\t<\/select>\n\t\t<\/div>\n\t\t\t\t\t\t<\/div>\n\t\t\t\t\t\t\t\t<div class=\"elementor-field-type-upload elementor-field-group elementor-column elementor-field-group-field_02ef079 elementor-col-100\">\n\t\t\t\t\t\t\t\t\t\t\t\t<label for=\"form-field-field_02ef079\" class=\"elementor-field-label\">\n\t\t\t\t\t\t\t\tAdjuntar Curriculum Vitae\t\t\t\t\t\t\t<\/label>\n\t\t\t\t\t\t\t\t<input type=\"file\" name=\"form_fields[field_02ef079]\" id=\"form-field-field_02ef079\" class=\"elementor-field elementor-size-sm  elementor-upload-field\">\n\n\t\t\t\t\t\t<\/div>\n\t\t\t\t\t\t\t\t<div class=\"elementor-field-type-textarea elementor-field-group elementor-column elementor-field-group-message elementor-col-80\">\n\t\t\t\t\t\t\t\t\t\t\t\t<label for=\"form-field-message\" class=\"elementor-field-label\">\n\t\t\t\t\t\t\t\tObservacions\t\t\t\t\t\t\t<\/label>\n\t\t\t\t\t\t<textarea class=\"elementor-field-textual elementor-field  elementor-size-sm\" name=\"form_fields[message]\" id=\"form-field-message\" rows=\"4\"><\/textarea>\t\t\t\t<\/div>\n\t\t\t\t\t\t\t\t<div class=\"elementor-field-type-html elementor-field-group elementor-column elementor-field-group-field_d79b72e elementor-col-80\">\n\t\t\t\t\t<span style=\"font-size:14px\">Les dades de car\u00e0cter personal que ens facilita seran tractades, conforme al que preveu el Reglament Europeu 2016\/679 i la Llei de Protecci\u00f3 de dades vigent, i seran incloses en un fitxer el<b> Responsable de Tractament<\/b> \u00e9s CENTRE DE REHABILITACI\u00d3 DEL VALLES, S.A., amb la <b>finalitat<\/b> d'atendre la seva petici\u00f3 de tenir present el seu curr\u00edculum en la gesti\u00f3 de la candidatura per a vacants d'un lloc de treball i, si escau, processos de selecci\u00f3. El <b>fonament lega<\/b>l per al tractament de les dades que ens facilita en aquest formulari \u201cTreballa amb nosaltres\u201d \u00e9s el consentiment que ens d\u00f3na perqu\u00e8 puguem atendre la vostra petici\u00f3. Ha de saber que en qualsevol moment pot revocar aquest consentiment prestat. (Consulta apt. quins s\u00f3n els teus drets). No se cediran a <b>tercers<\/b> excepte per obligaci\u00f3 legal. Podeu exercitar el vostre <b>dret<\/b> d'acc\u00e9s, rectificaci\u00f3, supressi\u00f3, portabilitat de les vostres dades, limitaci\u00f3 o oposici\u00f3 al tractament de les vostres dades i si escau revocar el vostre consentiment dirigint-vos a CENTRE DE REHABILITACI\u00d3 DEL VALLES, S.A. , C\/ Sallar\u00e9s i Pl\u00e0, n\u00fam. 67, Sabadell, -08202-, Barcelona (Espanya) o lopd@cerva,.cat, o interposar reclamaci\u00f3 davant l'Autoritat de Control.<br><br>\nSi ho desitja pot consultar informaci\u00f3 addicional i detallada sobre Protecci\u00f3 de Dades al link <a style=\"color:#0E3D74; font-weight:bold\" href=\"https:\/\/cerva.cat\/ca\/politica-de-privacitat\/\">Pol\u00edtica de Privacitat.<\/a> \n\n<\/span>\n\n\t\t\t\t<\/div>\n\t\t\t\t\t\t\t\t<div class=\"elementor-field-type-acceptance elementor-field-group elementor-column elementor-field-group-field_4b52d87 elementor-col-100 elementor-field-required\">\n\t\t\t\t\t\t\t<div class=\"elementor-field-subgroup\">\n\t\t\t<span class=\"elementor-field-option\">\n\t\t\t\t<input type=\"checkbox\" name=\"form_fields[field_4b52d87]\" id=\"form-field-field_4b52d87\" class=\"elementor-field elementor-size-sm  elementor-acceptance-field\" required=\"required\">\n\t\t\t\t<label for=\"form-field-field_4b52d87\"><span style=\"font-size:14px\">He llegit i accepto la <a style=\"color:#0E3D74; font-weight:bold\" href=\"https:\/\/cerva.cat\/ca\/politica-de-privacitat\/\">Pol\u00edtica de Privacitat<\/a><\/span><\/label>\t\t\t<\/span>\n\t\t<\/div>\n\t\t\t\t\t\t<\/div>\n\t\t\t\t\t\t\t\t<div class=\"elementor-field-group elementor-column elementor-field-type-submit elementor-col-100 e-form__buttons\">\n\t\t\t\t\t<button class=\"elementor-button elementor-size-sm\" type=\"submit\">\n\t\t\t\t\t\t<span class=\"elementor-button-content-wrapper\">\n\t\t\t\t\t\t\t\t\t\t\t\t\t\t\t\t\t\t\t\t\t\t<span class=\"elementor-button-text\">Enviar<\/span>\n\t\t\t\t\t\t\t\t\t\t\t\t\t<\/span>\n\t\t\t\t\t<\/button>\n\t\t\t\t<\/div>\n\t\t\t<\/div>\n\t\t<\/form>\n\t\t\t\t\t\t<\/div>\n\t\t\t\t<\/div>\n\t\t\t\t\t<\/div>\n\t\t<\/div>\n\t\t\t\t\t<\/div>\n\t\t<\/section>\n\t\t\t\t<\/div>\n\t\t","protected":false},"excerpt":{"rendered":"<p>Treballa amb nosaltres Si tens ganes de treballar no t\u2019ho pensis m\u00e9s, omple el formulari, adjuntant-nos el teu curr\u00edculum i et tindrem en compte per cobrir les futures vacants<\/p>\n","protected":false},"author":4,"featured_media":0,"parent":0,"menu_order":0,"comment_status":"closed","ping_status":"closed","template":"","meta":{"footnotes":""},"class_list":["post-362","page","type-page","status-publish","hentry"],"_links":{"self":[{"href":"https:\/\/cerva.cat\/ca\/wp-json\/wp\/v2\/pages\/362","targetHints":{"allow":["GET"]}}],"collection":[{"href":"https:\/\/cerva.cat\/ca\/wp-json\/wp\/v2\/pages"}],"about":[{"href":"https:\/\/cerva.cat\/ca\/wp-json\/wp\/v2\/types\/page"}],"author":[{"embeddable":true,"href":"https:\/\/cerva.cat\/ca\/wp-json\/wp\/v2\/users\/4"}],"replies":[{"embeddable":true,"href":"https:\/\/cerva.cat\/ca\/wp-json\/wp\/v2\/comments?post=362"}],"version-history":[{"count":2,"href":"https:\/\/cerva.cat\/ca\/wp-json\/wp\/v2\/pages\/362\/revisions"}],"predecessor-version":[{"id":924,"href":"https:\/\/cerva.cat\/ca\/wp-json\/wp\/v2\/pages\/362\/revisions\/924"}],"wp:attachment":[{"href":"https:\/\/cerva.cat\/ca\/wp-json\/wp\/v2\/media?parent=362"}],"curies":[{"name":"wp","href":"https:\/\/api.w.org\/{rel}","templated":true}]}}