{"id":394,"date":"2022-09-14T15:16:28","date_gmt":"2022-09-14T15:16:28","guid":{"rendered":"https:\/\/cerva.cat\/avis-legal\/"},"modified":"2022-09-14T15:36:34","modified_gmt":"2022-09-14T15:36:34","slug":"avis-legal","status":"publish","type":"page","link":"https:\/\/cerva.cat\/ca\/avis-legal\/","title":{"rendered":"Av\u00eds Legal"},"content":{"rendered":"\t\t<div data-elementor-type=\"wp-page\" data-elementor-id=\"394\" class=\"elementor elementor-394 elementor-364\" data-elementor-post-type=\"page\">\n\t\t\t\t\t\t<section class=\"elementor-section elementor-top-section elementor-element elementor-element-8a55ce0 elementor-section-boxed elementor-section-height-default elementor-section-height-default\" data-id=\"8a55ce0\" data-element_type=\"section\">\n\t\t\t\t\t\t<div class=\"elementor-container elementor-column-gap-default\">\n\t\t\t\t\t<div class=\"elementor-column elementor-col-100 elementor-top-column elementor-element elementor-element-5235179\" data-id=\"5235179\" data-element_type=\"column\">\n\t\t\t<div class=\"elementor-widget-wrap elementor-element-populated\">\n\t\t\t\t\t\t<div class=\"elementor-element elementor-element-f0eea6a elementor-widget elementor-widget-text-editor\" data-id=\"f0eea6a\" data-element_type=\"widget\" data-widget_type=\"text-editor.default\">\n\t\t\t\t<div class=\"elementor-widget-container\">\n\t\t\t\t\t\t\t\t\t<h4>AV\u00cdS LEGAL<\/h4>\n\t\t\t\t\t\t\t\t<\/div>\n\t\t\t\t<\/div>\n\t\t\t\t\t<\/div>\n\t\t<\/div>\n\t\t\t\t\t<\/div>\n\t\t<\/section>\n\t\t\t\t<section class=\"elementor-section elementor-top-section elementor-element elementor-element-848fef2 elementor-section-boxed elementor-section-height-default elementor-section-height-default\" data-id=\"848fef2\" data-element_type=\"section\">\n\t\t\t\t\t\t<div class=\"elementor-container elementor-column-gap-default\">\n\t\t\t\t\t<div class=\"elementor-column elementor-col-100 elementor-top-column elementor-element elementor-element-19c99ad\" data-id=\"19c99ad\" data-element_type=\"column\">\n\t\t\t<div class=\"elementor-widget-wrap elementor-element-populated\">\n\t\t\t\t\t\t<div class=\"elementor-element elementor-element-074c3a2 elementor-widget elementor-widget-text-editor\" data-id=\"074c3a2\" data-element_type=\"widget\" data-widget_type=\"text-editor.default\">\n\t\t\t\t<div class=\"elementor-widget-container\">\n\t\t\t\t\t\t\t\t\t<p><strong>INFORMACI\u00d3 GENERAL<\/strong><\/p>\n<p>D\u2019acord amb l\u2019article 10 de la Llei 34\/2002, d\u201911 de juliol, de serveis de la societat de la informaci\u00f3 i de comer\u00e7 electr\u00f2nic, s\u2019informa a l\u2019usuari que Centre de Rehabilitaci\u00f3 del Vall\u00e8s, SA posa a disposici\u00f3 aquesta web amb l\u2019objectiu de donar a con\u00e8ixer tots els productes i serveis.<\/p>\n<p>El responsable d\u2019aquesta WEB \u00e9s el Centre de Rehabilitaci\u00f3 del Vall\u00e8s, SA, amb NIF A-08371429 i domicili al carrer Sallares i Pla, 67, Sabadell.-08202-, Barcelona. Qualsevol usuari que vulgui posar-se en contacte amb nosaltres ho pot fer a l\u2019adre\u00e7a anteriorment esmentada o mitjan\u00e7ant correu electr\u00f2nic a cerva@cerva.cat o tel\u00e8fon al 93.725.55.77.<\/p>\n<p><strong>CONDICIONS D\u2019\u00daS<\/strong><\/p>\n<p>Tota persona que accedeixi a aquesta web assumeix el seu paper d\u2019usuari i us compromet al compliment de les condicions aqu\u00ed disposades, aix\u00ed com qualsevol altra disposici\u00f3 legal que sigui d\u2019aplicaci\u00f3. Per aix\u00f2 us aconsellem a revisar el present text, aix\u00ed com la nostra <span style=\"color: #0e3d74;\"><a style=\"color: #0e3d74;\" href=\"https:\/\/cerva.cat\/politica-de-privacidad\/\" target=\"_blank\" rel=\"noreferrer noopener\"><strong>Pol\u00edtica de Privacitat<\/strong><\/a>.<\/span><\/p>\n<p>Aquesta web t\u00e9 per objectiu donar a con\u00e8ixer les activitats i els serveis que presta Centre de Rehabilitaci\u00f3 del Vall\u00e8s SA Ens reservem el dret de realitzar, en qualsevol moment i sense av\u00eds previ, modificaci\u00f3 dels seus Continguts.<\/p>\n<p>El responsable del lloc web posa enlla\u00e7os a disposici\u00f3 dels usuaris per facilitar la investigaci\u00f3 i lacc\u00e9s a la informaci\u00f3. Els enlla\u00e7os o links habilitats en aquest lloc web poden conduir l\u2019usuari a altres llocs i p\u00e0gines web gestionades per tercers, sobre els quals el responsable del lloc web no exerceix cap mena de control.<\/p>\n<p><strong>PROPIETAT INTEL\u00b7LECTUAL<\/strong><\/p>\n<p>Tots els continguts d\u2019aquesta web formen part del Centre de Rehabilitaci\u00f3 del Vall\u00e8s SA o de terceres persones f\u00edsiques o jur\u00eddiques que n\u2019han autoritzat l\u2019\u00fas i queden protegits per la legislaci\u00f3 espanyola sobre propietat intel\u00b7lectual i industrial espanyola.<\/p>\n<p>Autoritzem la reproducci\u00f3 total o parcial dels continguts d\u2019aquesta web, sempre que se\u2019n mencioni expressament l\u2019origen.<\/p>\n\t\t\t\t\t\t\t\t<\/div>\n\t\t\t\t<\/div>\n\t\t\t\t\t<\/div>\n\t\t<\/div>\n\t\t\t\t\t<\/div>\n\t\t<\/section>\n\t\t\t\t<\/div>\n\t\t","protected":false},"excerpt":{"rendered":"<p>AV\u00cdS LEGAL INFORMACI\u00d3 GENERAL D\u2019acord amb l\u2019article 10 de la Llei 34\/2002, d\u201911 de juliol, de serveis de la societat de la informaci\u00f3 i de comer\u00e7 electr\u00f2nic, s\u2019informa a l\u2019usuari que Centre de Rehabilitaci\u00f3 del Vall\u00e8s, SA posa a disposici\u00f3 aquesta web amb l\u2019objectiu de donar a con\u00e8ixer tots els productes i serveis. El responsable [&hellip;]<\/p>\n","protected":false},"author":4,"featured_media":0,"parent":0,"menu_order":0,"comment_status":"closed","ping_status":"closed","template":"","meta":{"footnotes":""},"class_list":["post-394","page","type-page","status-publish","hentry"],"_links":{"self":[{"href":"https:\/\/cerva.cat\/ca\/wp-json\/wp\/v2\/pages\/394","targetHints":{"allow":["GET"]}}],"collection":[{"href":"https:\/\/cerva.cat\/ca\/wp-json\/wp\/v2\/pages"}],"about":[{"href":"https:\/\/cerva.cat\/ca\/wp-json\/wp\/v2\/types\/page"}],"author":[{"embeddable":true,"href":"https:\/\/cerva.cat\/ca\/wp-json\/wp\/v2\/users\/4"}],"replies":[{"embeddable":true,"href":"https:\/\/cerva.cat\/ca\/wp-json\/wp\/v2\/comments?post=394"}],"version-history":[{"count":0,"href":"https:\/\/cerva.cat\/ca\/wp-json\/wp\/v2\/pages\/394\/revisions"}],"wp:attachment":[{"href":"https:\/\/cerva.cat\/ca\/wp-json\/wp\/v2\/media?parent=394"}],"curies":[{"name":"wp","href":"https:\/\/api.w.org\/{rel}","templated":true}]}}