{"id":400,"date":"2022-09-14T15:18:57","date_gmt":"2022-09-14T13:18:57","guid":{"rendered":"https:\/\/cerva.cat\/politica-de-privacitat\/"},"modified":"2024-02-20T12:13:23","modified_gmt":"2024-02-20T11:13:23","slug":"politica-de-privacitat","status":"publish","type":"page","link":"https:\/\/cerva.cat\/ca\/politica-de-privacitat\/","title":{"rendered":"Pol\u00edtica de privacitat"},"content":{"rendered":"\t\t<div data-elementor-type=\"wp-page\" data-elementor-id=\"400\" class=\"elementor elementor-400 elementor-372\" data-elementor-post-type=\"page\">\n\t\t\t\t\t\t<section class=\"elementor-section elementor-top-section elementor-element elementor-element-40a523c elementor-section-boxed elementor-section-height-default elementor-section-height-default\" data-id=\"40a523c\" data-element_type=\"section\">\n\t\t\t\t\t\t<div class=\"elementor-container elementor-column-gap-default\">\n\t\t\t\t\t<div class=\"elementor-column elementor-col-100 elementor-top-column elementor-element elementor-element-da7fa45\" data-id=\"da7fa45\" data-element_type=\"column\">\n\t\t\t<div class=\"elementor-widget-wrap elementor-element-populated\">\n\t\t\t\t\t\t<div class=\"elementor-element elementor-element-54e3354 elementor-widget elementor-widget-shortcode\" data-id=\"54e3354\" data-element_type=\"widget\" data-widget_type=\"shortcode.default\">\n\t\t\t\t<div class=\"elementor-widget-container\">\n\t\t\t\t\t\t\t<div class=\"elementor-shortcode\">[cookie_law_info_hidden]<\/div>\n\t\t\t\t\t\t<\/div>\n\t\t\t\t<\/div>\n\t\t\t\t\t<\/div>\n\t\t<\/div>\n\t\t\t\t\t<\/div>\n\t\t<\/section>\n\t\t\t\t<section class=\"elementor-section elementor-top-section elementor-element elementor-element-627c1a6 elementor-section-boxed elementor-section-height-default elementor-section-height-default\" data-id=\"627c1a6\" data-element_type=\"section\">\n\t\t\t\t\t\t<div class=\"elementor-container elementor-column-gap-default\">\n\t\t\t\t\t<div class=\"elementor-column elementor-col-100 elementor-top-column elementor-element elementor-element-a1c9dd5\" data-id=\"a1c9dd5\" data-element_type=\"column\">\n\t\t\t<div class=\"elementor-widget-wrap elementor-element-populated\">\n\t\t\t\t\t\t<div class=\"elementor-element elementor-element-5d2a653 elementor-widget elementor-widget-text-editor\" data-id=\"5d2a653\" data-element_type=\"widget\" data-widget_type=\"text-editor.default\">\n\t\t\t\t<div class=\"elementor-widget-container\">\n\t\t\t\t\t\t\t\t\t<h4>POL\u00cdTICA DE PRIVACITAT<\/h4>\n\t\t\t\t\t\t\t\t<\/div>\n\t\t\t\t<\/div>\n\t\t\t\t\t<\/div>\n\t\t<\/div>\n\t\t\t\t\t<\/div>\n\t\t<\/section>\n\t\t\t\t<section class=\"elementor-section elementor-top-section elementor-element elementor-element-f213b81 elementor-section-boxed elementor-section-height-default elementor-section-height-default\" data-id=\"f213b81\" data-element_type=\"section\">\n\t\t\t\t\t\t<div class=\"elementor-container elementor-column-gap-default\">\n\t\t\t\t\t<div class=\"elementor-column elementor-col-100 elementor-top-column elementor-element elementor-element-8c45604\" data-id=\"8c45604\" data-element_type=\"column\">\n\t\t\t<div class=\"elementor-widget-wrap elementor-element-populated\">\n\t\t\t\t\t\t<div class=\"elementor-element elementor-element-8b1d516 elementor-widget elementor-widget-text-editor\" data-id=\"8b1d516\" data-element_type=\"widget\" data-widget_type=\"text-editor.default\">\n\t\t\t\t<div class=\"elementor-widget-container\">\n\t\t\t\t\t\t\t\t\t<p><strong>Qui \u00e9s el Responsable de tractament de les vostres dades?<\/strong><\/p>\n<p>Les dades de car\u00e0cter personal que ens facilita de forma volunt\u00e0ria seran tractades, conforme al que preveu el <em>Reglament General Europeu 2016\/679 de Protecci\u00f3 de Dades de Car\u00e0cter Personal<\/em> I <em>Llei Org\u00e0nica de Protecci\u00f3 de Dades Personals i Garantia dels Drets Digitals<\/em>, juntament amb la resta de normativa de desenvolupament vigent, i seran inclosos en un fitxer el <strong>Responsable de Tractament<\/strong> \u00e9s a CENTRE DE REHABILITACI\u00d3 DEL VALLES, S.A. amb domicili al c\/ Sallar\u00e9s i Pl\u00e0, n\u00fam. 67, Sabadell, -08202-, Barcelona (Espanya), A-08371429, Telf. 93.725.59.98, dades contacte DPO: <a href=\"_wp_link_placeholder\" data-wplink-edit=\"true\"><span style=\"color: #0e3d74;\">lopd@cerva.cat<\/span> <em>.<\/em><\/a><\/p>\n\t\t\t\t\t\t\t\t<\/div>\n\t\t\t\t<\/div>\n\t\t\t\t<div class=\"elementor-element elementor-element-3d3512b elementor-widget elementor-widget-text-editor\" data-id=\"3d3512b\" data-element_type=\"widget\" data-widget_type=\"text-editor.default\">\n\t\t\t\t<div class=\"elementor-widget-container\">\n\t\t\t\t\t\t\t\t\t<p><strong>Amb quines finalitats?<\/strong><\/p>\n<p>A la Web www.cerva.cat es poden recollir dades dels usuaris que de forma volunt\u00e0ria emplenen el formulari \u201cTreballa amb nosaltres\u201d, amb la finalitat que tinguem present el seu curr\u00edculum en la gesti\u00f3 de la seva candidatura per a vacants d\u2019un lloc de treball i en processos de selecci\u00f3.<\/p>\n\t\t\t\t\t\t\t\t<\/div>\n\t\t\t\t<\/div>\n\t\t\t\t<div class=\"elementor-element elementor-element-0e10f6a elementor-widget elementor-widget-text-editor\" data-id=\"0e10f6a\" data-element_type=\"widget\" data-widget_type=\"text-editor.default\">\n\t\t\t\t<div class=\"elementor-widget-container\">\n\t\t\t\t\t\t\t\t\t<p><strong>Durant quant de temps conservem les teves dades?<\/strong><\/p>\n<p>Les dades facilitades al Formulari<em> <\/em>\u201c<em>Treballa amb nosaltres<\/em>\u201d, incl\u00f2s el seu curr\u00edculum nom\u00e9s es conservaran durant un per\u00edode d&#8217;un (1) any, transcorregut aquest s&#8217;esborraran, ja que considerem que en aquest per\u00edode aquest curr\u00edculum ja estar\u00e0 desactualitzat, llevat que pr\u00e8viament ens revoqui el seu consentiment o exerciti el seu dret de oposici\u00f3 i\/o cancel\u00b7laci\u00f3, o mentre puguin derivar-se responsabilitats nascudes en aquest per\u00edode de temps. (Consulta apt. quins s\u00f3n els teus drets).<\/p>\n<p>En qualsevol cas, si l\u2019Usuari recova el seu consentiment o exercita els drets de cancel\u00b7laci\u00f3 o supressi\u00f3 o b\u00e9 ha transcorregut el termini de conservaci\u00f3 esmentat, les seves dades personals es conservaran bloquejades durant els terminis establerts per atendre les possibles responsabilitats nascudes del tractament dels mateixos. Posteriorment se suprimiran amb mesures de seguretat adequades per garantir la pseudonimitzaci\u00f3 de les dades o la seva destrucci\u00f3 total.<\/p>\n\t\t\t\t\t\t\t\t<\/div>\n\t\t\t\t<\/div>\n\t\t\t\t<div class=\"elementor-element elementor-element-d4da851 elementor-widget elementor-widget-text-editor\" data-id=\"d4da851\" data-element_type=\"widget\" data-widget_type=\"text-editor.default\">\n\t\t\t\t<div class=\"elementor-widget-container\">\n\t\t\t\t\t\t\t\t\t<p><strong>Quina \u00e9s la legitimaci\u00f3 per al tractament de les vostres dades personals?<\/strong><\/p>\n<p>La base legal per al tractament de les dades que ens facilita al formulari <em>\u201cTreballa amb nosaltres\u201d<\/em> \u00e9s el consentiment que se us demana. Ha de saber que en qualsevol moment pot revocar aquest consentiment prestat (consulta apt. quins s\u00f3n els teus drets).<\/p>\n<p>Al formulari <em>\u201cTreballa amb nosaltres\u201d<\/em> s&#8217;indiquen quins s\u00f3n els camps obligatoris de contestar per atendre la petici\u00f3 que realitza l&#8217;usuari, mitjan\u00e7ant una finestra emergent a cada camp que apareix quan vol enviar les dades i no s&#8217;han emplenat les obligat\u00f2ries.<\/p>\n\t\t\t\t\t\t\t\t<\/div>\n\t\t\t\t<\/div>\n\t\t\t\t<div class=\"elementor-element elementor-element-58866f1 elementor-widget elementor-widget-text-editor\" data-id=\"58866f1\" data-element_type=\"widget\" data-widget_type=\"text-editor.default\">\n\t\t\t\t<div class=\"elementor-widget-container\">\n\t\t\t\t\t\t\t\t\t<p><strong>A quins destinataris es comunicaran les dades?<\/strong><\/p>\n<p><strong>Destinataris:<\/strong><\/p>\n<p>No hi ha cessi\u00f3 de dades personals a altres empreses, ni tampoc transfer\u00e8ncies internacionals de dades.<\/p>\n<p><strong>Encarregats de Tractament:<\/strong><\/p>\n<p>A les dades se\u2019ls pot permetre accedir a prove\u00efdors de CENTRE DE REHABILITACI\u00d3 DEL VALLES, SA que li presten serveis auxiliars necessaris per complir les finalitats per les quals es recullen les dades Per\u00f2 en cap moment no comporten una cessi\u00f3 dels mateixos. En qualsevol cas, us informem que si es don\u00e9s el sup\u00f2sit, amb aquests prove\u00efdors (Encarregats de Tractament) sempre es formalitza un contracte que recull obligacions i responsabilitats que han d\u2019assumir en el tractament de les dades, per actuar en concordan\u00e7a amb la normativa vigent a mat\u00e8ria de protecci\u00f3 de dades. Com a prove\u00efdors, CENTRE DE REHABILITACI\u00d3 DEL VALLES, SA us informa que les dades dels usuaris que es facilitin a la Web s\u2019allotgen en un servidor que pertany a l\u2019Espai Econ\u00f2mic Europeu garantint un nivell adequat de seguretat en la protecci\u00f3 de dades.<\/p>\n<p><strong>Cessions obligat\u00f2ries:<\/strong><\/p>\n<p>En aquells casos en qu\u00e8 li vingui imposat per obligaci\u00f3 legal o per disposici\u00f3 judicial CENTRO DE REHABILITACION DEL VALLES, SA comunicar\u00e0 les dades a les entitats que aquesta obligaci\u00f3 determini.<\/p>\n\t\t\t\t\t\t\t\t<\/div>\n\t\t\t\t<\/div>\n\t\t\t\t<div class=\"elementor-element elementor-element-d074d3c elementor-widget elementor-widget-text-editor\" data-id=\"d074d3c\" data-element_type=\"widget\" data-widget_type=\"text-editor.default\">\n\t\t\t\t<div class=\"elementor-widget-container\">\n\t\t\t\t\t\t\t\t\t<p><strong>Quins s\u00f3n els drets quan ens facilita les dades?<\/strong><\/p>\n<p><strong>Drets:<\/strong><\/p>\n<p>Els usuaris de la Web www.cerva.cat poden exercitar davant CENTRE DE REHABILITACI\u00d3 DE VALLES, SA, els drets d\u2019acc\u00e9s, rectificaci\u00f3 o supressi\u00f3, portabilitat de les seves dades, limitaci\u00f3 o oposici\u00f3 al tractament de les seves dades, aix\u00ed com podran revocar el seu consentiment , podent modificar les prefer\u00e8ncies en tot moment.<\/p>\n<p><strong>Forma d\u2019exercitar-los:<\/strong><\/p>\n<p>Per exercitar els drets haur\u00e0 de presentar un escrit a l&#8217;adre\u00e7a del Responsable de Tractament, CENTRE DE REHABILITACI\u00d3 DEL VALLS, S.A., C\/ Sallar\u00e9s i Pl\u00e0, n\u00fam. 67, Sabadell, -08202-, Barcelona (Espanya) o b\u00e9 enviar un correu electr\u00f2nic a lopd@cerva.cat<em>.<\/em> Haureu d&#8217;especificar quin d&#8217;aquests drets sol\u00b7liciteu que sigui satisfet. S&#8217;informa a l&#8217;Usuari que si no considera satisfet el seu exercici de dret, pot interposar reclamaci\u00f3 davant l&#8217;Autoritat de Control de l&#8217;Estat Espanyol, Ag\u00e8ncia Espanyola de Protecci\u00f3 de Dades (<span style=\"color: #0e3d74;\"><a style=\"color: #0e3d74;\" href=\"http:\/\/www.aepd.es\">www.aepd.es<\/a><\/span>).<\/p>\n<p><strong>Mesures t\u00e8cniques i organitzatives i de seguretat:<\/strong><\/p>\n<p>La Web www.cerva.cat declara haver adoptat les mesures d&#8217;\u00edndole t\u00e8cnica, de seguretat i organitzatives apropiades per garantir un nivell de seguretat adequat al risc, tal com ho exigeixen <em>Reglament General Europeu 2016\/679 de Protecci\u00f3 de Dades<\/em>, i la <em>Llei Org\u00e0nica de Protecci\u00f3 de Dades Personals i Garantia dels Drets Digitals<\/em>, juntament amb la resta de normativa de desenvolupament vigent, per tal d&#8217;evitar la p\u00e8rdua, mal \u00fas, alteraci\u00f3, acc\u00e9s no autoritzat o robatori de les dades que vost\u00e8 faciliti.<\/p>\n<p>No obstant aix\u00f2, l\u2019usuari ha de ser conscient que actualment les mesures de seguretat a Internet no s\u00f3n inexpugnables i per tant no est\u00e0 fora de perill de possibles intromissions il\u00b7legals i indegudes, que no serien responsabilitat de CENTRE DE REHABILITACION DEL VALLES, SA , ja que ella ha actuat amb la dilig\u00e8ncia deguda per protegir les dades conforme determina la llei.<\/p>\n<p><strong>Informaci\u00f3 sobre l\u2019\u00fas d\u2019altres webs i xarxes socials:<\/strong><\/p>\n<p>CENTRO DE REHABILITACION DEL VALLES, SA nom\u00e9s es fa responsable dels continguts i de la gesti\u00f3 de les p\u00e0gines Web de les quals \u00e9s titular. Qualsevol altra p\u00e0gina web o xarxa social a internet que no sigui aquesta web s\u00f3n responsabilitat dels seus titulars leg\u00edtims.<\/p>\n<p>\u00c9s per aix\u00f2 que CENTRO DE REHABILITACION DEL VALLES, SA quan col\u00b7labora amb diferents entorns web, com serien les xarxes socials, recomana en tot cas als seus usuaris que abans d\u2019accedir a aquests entorns web, llegeixin atentament els corresponents Avisos Legals i Pol\u00edtiques de Privadesa , i que nom\u00e9s hi accedeixin una vegada hagin ent\u00e8s i acceptat totalment el text legal.<\/p>\n<p>CENTRO DE REHABILITACION DEL VALLES, SA es compromet a controlar els continguts que s\u2019exposin en aquestes xarxes socials i expulsar\u00e0 els usuaris que en facin un \u00fas incorrecte.<\/p>\n<p>Amb tot aix\u00f2, heu de saber que si a trav\u00e9s de la nostra p\u00e0gina web s&#8217;habilit\u00e9s l&#8217;acc\u00e9s a les xarxes socials, Facebook, Twitter, entre d&#8217;altres de caracter\u00edstiques an\u00e0logues, d&#8217;acc\u00e9s obert a tots els usuaris, s\u00f3n llocs web on l&#8217;usuari es pot registrar i seguir-nos gratu\u00eftament. En aquestes xarxes socials els usuaris podran con\u00e8ixer de les nostres activitats, opinions, accedir a les fotos i, si escau, v\u00eddeos. Els usuaris d\u2019aquestes xarxes socials han de ser conscients que aquest lloc \u00e9s independent del web www.cerva.cat, tal com els hem informat en par\u00e0grafs anteriors d\u2019aquest apartat, i \u00e9s obert, \u00e9s a dir, visible per a tots els usuaris , i les pol\u00edtiques de privadesa a aplicar a aquests continguts els reiterem que s\u00f3n fixades per Facebook, Twitter o si escau per qualsevol altra xarxa social de caracter\u00edstiques an\u00e0logues, CENTRE DE REHABILITACION DE VALLES, SA no \u00e9s titular de les xarxes socials.<\/p>\n<p><strong>Canvis de la Pol\u00edtica de Privacitat<\/strong><\/p>\n<p>CENTRE DE REHABILITACI\u00d3 DE VALLES, SA es reserva el dret de modificar aquesta pol\u00edtica a qualsevol moment. Et recomanem que consultis la Pol\u00edtica de Privadesa amb periodicitat. CENTRE DE REHABILITACI\u00d3 DE VALLES, SA adoptar\u00e0 les mesures raonables per notificar-te qualsevol canvi substancial en les nostres pr\u00e0ctiques de privadesa pel que fa a l\u2019\u00fas de la informaci\u00f3 que has proporcionat, com \u00e9s publicant un Av\u00eds a la seva web.<\/p>\n<p><strong>Comprom\u00eds de l\u2019usuari:<\/strong><\/p>\n<p>L\u2019usuari \u00e9s el responsable de l\u2019autenticitat de les dades aportades, de l\u2019exactitud i la vig\u00e8ncia per a la finalitat per a la qual van ser aportades i assumeix la responsabilitat relativa als danys i perjudicis, tant del lucre cessant com per danys emergents, que es puguin generar a causa d\u2019aquestes inexactituds o falsedats.<\/p>\n<p>En qualsevol cas, si les dades proporcionades en els formularis corresponents fossin de titularitat d\u2019un tercer, l\u2019usuari garanteix que ha informat el tercer dels aspectes que s\u2019estableixen en aquesta Pol\u00edtica de Privadesa i que ha obtingut la seva autoritzaci\u00f3 per facilitar les dades a CENTRE DE REHABILITACION DEL VALLES, SA, amb les finalitats assenyalades.<\/p>\n<p>Per tot aix\u00f2, CENTRE DE REHABILITACI\u00d3 DE VALLES, SA far\u00e0 tot el possible perqu\u00e8 les vostres dades facilitades estiguin sempre actualitzades. No obstant aix\u00f2, la responsabilitat sobre la qualitat de les dades dep\u00e8n del titular d\u2019aquestes, per aix\u00f2, si hi ha alguna modificaci\u00f3 de les dades, l\u2019usuari de la web les comunicar\u00e0 al Responsable del Tractament, declinant aquest tota responsabilitat en cas que ometi la seva obligaci\u00f3 de notificar els canvis.<\/p>\n<p><strong>Navegaci\u00f3 cookies<\/strong>:<\/p>\n<p> Per a informaci\u00f3 sobre l&#8217;\u00fas de les cookies (tractament invisibles) cliqueu al seg\u00fcent enlla\u00e7<span style=\"color: #0e3d74;\"><a style=\"color: #0e3d74;\" href=\"https:\/\/cerva.cat\/ca\/politica-de-cookies\/\"><em><u>Pol\u00edtica Cookies.<\/u><\/em><\/a><\/span><\/p>\n<p><strong>Llei aplicable i jurisdicci\u00f3.<\/strong><\/p>\n<p><strong> <\/strong><\/p>\n<p>Aquesta Pol\u00edtica de Privadesa es regeixen per la llei espanyola. Per a qualsevol discrep\u00e0ncia en l&#8217;execuci\u00f3, la interpretaci\u00f3, el compliment d&#8217;aquestes Condicions, o de les relacions entre l&#8217;usuari i CENTRE DE REHABILITACI\u00d3 DEL VALLES, S.A. , ambdues parts amb ren\u00fancia expressa a qualsevol altre fur que pogu\u00e9s correspondre se sotmeten a la jurisdicci\u00f3 i compet\u00e8ncia exclusiva dels Jutjats i Tribunals de Barcelona.<\/p>\n\t\t\t\t\t\t\t\t<\/div>\n\t\t\t\t<\/div>\n\t\t\t\t\t<\/div>\n\t\t<\/div>\n\t\t\t\t\t<\/div>\n\t\t<\/section>\n\t\t\t\t<\/div>\n\t\t","protected":false},"excerpt":{"rendered":"<p>[cookie_law_info_hidden] POL\u00cdTICA DE PRIVACITAT Qui \u00e9s el Responsable de tractament de les vostres dades? Les dades de car\u00e0cter personal que ens facilita de forma volunt\u00e0ria seran tractades, conforme al que preveu el Reglament General Europeu 2016\/679 de Protecci\u00f3 de Dades de Car\u00e0cter Personal I Llei Org\u00e0nica de Protecci\u00f3 de Dades Personals i Garantia dels Drets [&hellip;]<\/p>\n","protected":false},"author":4,"featured_media":0,"parent":0,"menu_order":0,"comment_status":"closed","ping_status":"closed","template":"","meta":{"footnotes":""},"class_list":["post-400","page","type-page","status-publish","hentry"],"_links":{"self":[{"href":"https:\/\/cerva.cat\/ca\/wp-json\/wp\/v2\/pages\/400","targetHints":{"allow":["GET"]}}],"collection":[{"href":"https:\/\/cerva.cat\/ca\/wp-json\/wp\/v2\/pages"}],"about":[{"href":"https:\/\/cerva.cat\/ca\/wp-json\/wp\/v2\/types\/page"}],"author":[{"embeddable":true,"href":"https:\/\/cerva.cat\/ca\/wp-json\/wp\/v2\/users\/4"}],"replies":[{"embeddable":true,"href":"https:\/\/cerva.cat\/ca\/wp-json\/wp\/v2\/comments?post=400"}],"version-history":[{"count":5,"href":"https:\/\/cerva.cat\/ca\/wp-json\/wp\/v2\/pages\/400\/revisions"}],"predecessor-version":[{"id":953,"href":"https:\/\/cerva.cat\/ca\/wp-json\/wp\/v2\/pages\/400\/revisions\/953"}],"wp:attachment":[{"href":"https:\/\/cerva.cat\/ca\/wp-json\/wp\/v2\/media?parent=400"}],"curies":[{"name":"wp","href":"https:\/\/api.w.org\/{rel}","templated":true}]}}